{"id":8,"date":"2019-02-02T19:07:59","date_gmt":"2019-02-02T19:07:59","guid":{"rendered":"https:\/\/ah.reuters-it.com\/wordpress\/?page_id=8"},"modified":"2021-10-12T16:58:17","modified_gmt":"2021-10-12T16:58:17","slug":"vita","status":"publish","type":"page","link":"https:\/\/agneshasse.de\/?page_id=8","title":{"rendered":"Vita"},"content":{"rendered":"<h1>Vita<\/h1>\n\n\n<ul><li>Strukturiertes Zeichnen und Malen mit dem Vater (Architekt)<\/li><li>Graphische Entw\u00fcrfe und Ausf\u00fchrungen w\u00e4hrend der Berufsausbildung<\/li><li>Besch\u00e4ftigung mit verschiedenen Techniken aus dem Kunsthandwerk<\/li><li>Zielgerichtete Besch\u00e4ftigung mit Seidenmalkunst und Besuch von Ausbildungskursen<\/li><li>Seminare\n im Gestalten, Entwerfen und in der Ausf\u00fchrung von Glasarbeiten in \nverschiedenen Techniken u.a. bei Detlef Tanz und Paul Weigmann<\/li><li>Besuch eines Workshops \u00fcber moderne Malerei bei Paul Weigmann im Deutschen Glasmalereimuseum Linnich<\/li><li>Teilnahme an der &#8222;Schule des Sehens auf Schlo\u00df Morsbroich, Leverkusen<\/li><li>Private Weiterbildung in der K\u00fcnstlergruppe um Paul Weigmann in dessen Atelier<\/li><li>Teilnahme an Malkursen von Antonio Nu\u00f1ez in der K\u00fcnsterakademie Heimbach<\/li><li>Aktuell Besuch eines Gestaltungskurses bei Dieter Laue<\/li><\/ul>\n","protected":false},"excerpt":{"rendered":"<p>Vita Strukturiertes Zeichnen und Malen mit dem Vater (Architekt) Graphische Entw\u00fcrfe und Ausf\u00fchrungen w\u00e4hrend der Berufsausbildung Besch\u00e4ftigung mit verschiedenen Techniken aus dem Kunsthandwerk Zielgerichtete Besch\u00e4ftigung mit Seidenmalkunst und Besuch von Ausbildungskursen Seminare im Gestalten, Entwerfen und in der Ausf\u00fchrung von Glasarbeiten in verschiedenen Techniken u.a. bei Detlef Tanz und Paul Weigmann Besuch eines Workshops \u00fcber [&hellip;]<\/p>\n","protected":false},"author":1,"featured_media":0,"parent":0,"menu_order":0,"comment_status":"closed","ping_status":"closed","template":"","meta":{"ngg_post_thumbnail":0},"_links":{"self":[{"href":"https:\/\/agneshasse.de\/index.php?rest_route=\/wp\/v2\/pages\/8"}],"collection":[{"href":"https:\/\/agneshasse.de\/index.php?rest_route=\/wp\/v2\/pages"}],"about":[{"href":"https:\/\/agneshasse.de\/index.php?rest_route=\/wp\/v2\/types\/page"}],"author":[{"embeddable":true,"href":"https:\/\/agneshasse.de\/index.php?rest_route=\/wp\/v2\/users\/1"}],"replies":[{"embeddable":true,"href":"https:\/\/agneshasse.de\/index.php?rest_route=%2Fwp%2Fv2%2Fcomments&post=8"}],"version-history":[{"count":3,"href":"https:\/\/agneshasse.de\/index.php?rest_route=\/wp\/v2\/pages\/8\/revisions"}],"predecessor-version":[{"id":352,"href":"https:\/\/agneshasse.de\/index.php?rest_route=\/wp\/v2\/pages\/8\/revisions\/352"}],"wp:attachment":[{"href":"https:\/\/agneshasse.de\/index.php?rest_route=%2Fwp%2Fv2%2Fmedia&parent=8"}],"curies":[{"name":"wp","href":"https:\/\/api.w.org\/{rel}","templated":true}]}}