{"id":20,"date":"2019-02-02T19:11:05","date_gmt":"2019-02-02T19:11:05","guid":{"rendered":"https:\/\/ah.reuters-it.com\/wordpress\/?page_id=20"},"modified":"2019-02-02T20:26:48","modified_gmt":"2019-02-02T20:26:48","slug":"datenschutzerklaerung","status":"publish","type":"page","link":"https:\/\/agneshasse.de\/?page_id=20","title":{"rendered":"Datenschutzerkl\u00e4rung"},"content":{"rendered":"\n<h3 class=\"wp-block-heading\">Datenschutz <\/h3>\n\n\n\n<p>Die Betreiber dieser Seiten nehmen den Schutz Ihrer \npers\u00f6nlichen Daten sehr ernst. Wir behandeln Ihre personenbezogenen \nDaten vertraulich und entsprechend der gesetzlichen \nDatenschutzvorschriften sowie dieser Datenschutzerkl\u00e4rung.\n<\/p>\n\n\n\n<p>Die Nutzung unserer Website ist in der Regel ohne \nAngabe personenbezogener Daten m\u00f6glich. Soweit auf unseren Seiten \npersonenbezogene Daten (beispielsweise Name, Anschrift oder \nE-Mail-Adressen) erhoben werden, erfolgt dies, soweit m\u00f6glich, stets auf\n freiwilliger Basis. Diese Daten werden ohne Ihre ausdr\u00fcckliche \nZustimmung nicht an Dritte weitergegeben.\n<\/p>\n\n\n\n<p>Wir weisen darauf hin, dass die Daten\u00fcbertragung im \nInternet (z.B. bei der Kommunikation per E-Mail) Sicherheitsl\u00fccken \naufweisen kann. Ein l\u00fcckenloser Schutz der Daten vor dem Zugriff durch \nDritte ist nicht m\u00f6glich.\n<\/p>\n\n\n\n<h3 class=\"wp-block-heading\">Cookies<\/h3>\n\n\n\n<p>Die Internetseiten verwenden teilweise so genannte \nCookies. Cookies richten auf Ihrem Rechner keinen Schaden an und \nenthalten keine Viren. Cookies dienen dazu, unser Angebot \nnutzerfreundlicher, effektiver und sicherer zu machen. Cookies sind \nkleine Textdateien, die auf Ihrem Rechner abgelegt werden und die Ihr \nBrowser speichert.\n<\/p>\n\n\n\n<p>Die meisten der von uns verwendetenCookies sind so \ngenannte \u201eSession-Cookies\u201c. Sie werden nach Ende Ihres Besuchs \nautomatisch gel\u00f6scht. Andere Cookies bleiben auf Ihrem Endger\u00e4t \ngespeichert, bis Sie diese l\u00f6schen. Diese Cookies erm\u00f6glichen es uns, \nIhren Browser beim n\u00e4chsten Besuch wiederzuerkennen.\n<\/p>\n\n\n\n<p>Sie k\u00f6nnen Ihren Browser so einstellen, dass Sie \n\u00fcber das Setzen von Cookies informiert werden und Cookies nur im \nEinzelfall erlauben, die Annahme von Cookies f\u00fcr bestimmte F\u00e4lle oder \ngenerell ausschlie\u00dfen sowie das automatische L\u00f6schen der Cookies beim \nSchlie\u00dfen des Browser aktivieren. Bei der Deaktivierung von Cookies kann\n die Funktionalit\u00e4t dieser Website eingeschr\u00e4nkt sein.\n<\/p>\n\n\n\n<h3 class=\"wp-block-heading\">Server-Log- Files<\/h3>\n\n\n\n<p>Der Provider der Seiten erhebt und speichert \nautomatisch Informationen in so genannten Server-Log Files, die Ihr \nBrowser automatisch an uns \u00fcbermittelt. Dies sind:<\/p>\n\n\n\n<ul><li>Browsertyp und Browserversion<\/li><li>verwendetes Betriebssystem<\/li><li>Referrer URL<\/li><li>Hostname des zugreifenden Rechners<\/li><li>Uhrzeit der Serveranfrage<\/li><\/ul>\n\n\n\n<p>Diese\n Daten sind nicht bestimmten Personen zuordenbar. Eine Zusammenf\u00fchrung \ndieser Daten mit anderen Datenquellen wird nicht vorgenommen. Wir \nbehalten uns vor, diese Daten nachtr\u00e4glich zu pr\u00fcfen, wenn uns konkrete \nAnhaltspunkte f\u00fcr eine rechtswidrige Nutzung bekannt werden.\n<\/p>\n\n\n\n<h3 class=\"wp-block-heading\">Kontaktformular<\/h3>\n\n\n\n<p>Wenn Sie uns per Kontaktformular Anfragen zukommen \nlassen, werden Ihre Angaben aus dem Anfrageformular inklusive der von \nIhnen dort angegebenen Kontaktdaten zwecks Bearbeitung der Anfrage und \nf\u00fcr den Fall von Anschlussfragen bei uns gespeichert. Diese Daten geben \nwir nicht ohne Ihre Einwilligung weiter.\n<\/p>\n\n\n\n<h3 class=\"wp-block-heading\">Google Analytics<\/h3>\n\n\n\n<p>Diese Website nutzt Funktionen des \nWebanalysedienstes Google Analytics. Anbieter ist die Google Inc., 1600 \nAmphitheatre Parkway Mountain View, CA 94043, USA.\n<\/p>\n\n\n\n<p>Google Analytics verwendet so genannte &#8222;Cookies&#8220;. \nDas sind Textdateien, die auf Ihrem Computer gespeichert werden und die \neine Analyse der Benutzung der Website durch Sie erm\u00f6glichen. Die durch \nden Cookie erzeugten Informationen \u00fcber Ihre Benutzung dieser Website \nwerden in der Regel an einen Server von Google in den USA \u00fcbertragen und\n dort gespeichert.\n<\/p>\n\n\n\n<p><strong>Browser Plugin<\/strong>\n<\/p>\n\n\n\n<p>Sie k\u00f6nnen die Speicherung der Cookies durch eine \nentsprechende Einstellung Ihrer Browser-Software verhindern; wir weisen \nSie jedoch darauf hin, dass Sie in diesem Fall gegebenenfalls nicht \ns\u00e4mtliche Funktionen dieser Website vollumf\u00e4nglich werden nutzen k\u00f6nnen.\n Sie k\u00f6nnen dar\u00fcber hinaus die Erfassung der durch den Cookie erzeugten \nund auf Ihre Nutzung der Website bezogenen Daten (inkl. Ihrer IP- \nAdresse) an Google sowie die Verarbeitung dieser Daten durch Google \nverhindern, indem Sie das unter dem folgenden Link verf\u00fcgbare \nBrowser-Plugin herunterladen und installieren: <a href=\"https:\/\/tools.google.com\/dlpage\/gaoptout?hl=de\" target=\"_blank\" rel=\"noreferrer noopener\">https:\/\/tools.google.com\/dlpage\/gaoptout?hl=de<\/a>\n<\/p>\n\n\n\n<p><strong>Widerspruch gegen Datenerfassung<\/strong>\n<\/p>\n\n\n\n<p>Sie k\u00f6nnen die Erfassung Ihrer Daten durch Google \nAnalytics verhindern, indem Sie auf folgenden Link klicken. Es wird ein \nOpt-Out-Cookie gesetzt, der die Erfassung Ihrer Daten bei zuk\u00fcnftigen \nBesuchen dieser Website verhindert: <a href=\"javascript:gaOptout();\" target=\"_blank\" rel=\"noreferrer noopener\">Google Analytics deaktivieren<\/a>\n<\/p>\n\n\n\n<p>Mehr Informationen zum Umgang mit Nutzerdaten bei Google Analytics finden Sie in der Datenschutzerkl\u00e4rung von Google: <a href=\"https:\/\/support.google.com\/analytics\/answer\/6004245?hl=de\" target=\"_blank\" rel=\"noreferrer noopener\">https:\/\/support.google.com\/analytics\/answer\/6004245?hl=de<\/a>\n<\/p>\n\n\n\n<h3 class=\"wp-block-heading\">Recht auf Auskunft, L\u00f6schung, Sperrung<\/h3>\n\n\n\n<p>Sie haben jederzeit das Recht auf unentgeltliche \nAuskunft \u00fcber Ihre gespeicherten personenbezogenen Daten, deren Herkunft\n und Empf\u00e4nger und den Zweck der Datenverarbeitung sowie ein Recht auf \nBerichtigung, Sperrung oder L\u00f6schung dieser Daten. Hierzu sowie zu \nweiteren Fragen zum Thema personenbezogene Daten k\u00f6nnen Sie sich \njederzeit unter der im Impressum angegebenen Adresse an uns wenden.<\/p>\n","protected":false},"excerpt":{"rendered":"<p>Datenschutz Die Betreiber dieser Seiten nehmen den Schutz Ihrer pers\u00f6nlichen Daten sehr ernst. Wir behandeln Ihre personenbezogenen Daten vertraulich und entsprechend der gesetzlichen Datenschutzvorschriften sowie dieser Datenschutzerkl\u00e4rung. Die Nutzung unserer Website ist in der Regel ohne Angabe personenbezogener Daten m\u00f6glich. Soweit auf unseren Seiten personenbezogene Daten (beispielsweise Name, Anschrift oder E-Mail-Adressen) erhoben werden, erfolgt dies, [&hellip;]<\/p>\n","protected":false},"author":1,"featured_media":0,"parent":0,"menu_order":0,"comment_status":"closed","ping_status":"closed","template":"","meta":{"ngg_post_thumbnail":0},"_links":{"self":[{"href":"https:\/\/agneshasse.de\/index.php?rest_route=\/wp\/v2\/pages\/20"}],"collection":[{"href":"https:\/\/agneshasse.de\/index.php?rest_route=\/wp\/v2\/pages"}],"about":[{"href":"https:\/\/agneshasse.de\/index.php?rest_route=\/wp\/v2\/types\/page"}],"author":[{"embeddable":true,"href":"https:\/\/agneshasse.de\/index.php?rest_route=\/wp\/v2\/users\/1"}],"replies":[{"embeddable":true,"href":"https:\/\/agneshasse.de\/index.php?rest_route=%2Fwp%2Fv2%2Fcomments&post=20"}],"version-history":[{"count":2,"href":"https:\/\/agneshasse.de\/index.php?rest_route=\/wp\/v2\/pages\/20\/revisions"}],"predecessor-version":[{"id":58,"href":"https:\/\/agneshasse.de\/index.php?rest_route=\/wp\/v2\/pages\/20\/revisions\/58"}],"wp:attachment":[{"href":"https:\/\/agneshasse.de\/index.php?rest_route=%2Fwp%2Fv2%2Fmedia&parent=20"}],"curies":[{"name":"wp","href":"https:\/\/api.w.org\/{rel}","templated":true}]}}